{"id":663,"date":"2021-07-27T11:13:36","date_gmt":"2021-07-27T17:13:36","guid":{"rendered":"https:\/\/learning.hipgive.org\/?page_id=663"},"modified":"2021-07-27T11:13:36","modified_gmt":"2021-07-27T17:13:36","slug":"nonprofits","status":"publish","type":"page","link":"https:\/\/learning.hipgive.org\/en\/nonprofits\/","title":{"rendered":"HIPGivers","raw":"HIPGivers"},"content":{"rendered":"<div class=\"wp-block-coblocks-posts is-style-stacked\"><div class=\"wp-block-coblocks-posts__inner has-columns has-2-columns has-responsive-columns has-square-image\"><div class=\"wp-block-coblocks-posts__item\"><div class=\"wp-block-coblocks-posts__image\"><a href=\"https:\/\/learning.hipgive.org\/en\/cultivating-donors\/\" class=\"bg-cover bg-center-center\" style=\"background-image:url(https:\/\/learning.hipgive.org\/wp-content\/uploads\/2024\/12\/bannerHip_Mesa-de-trabajo-1-1200x632.jpg)\"><\/a><\/div><div class=\"wp-block-coblocks-posts__content\"><a href=\"https:\/\/learning.hipgive.org\/en\/cultivating-donors\/\" alt=\"Cultivating Donors in the Digital Era \"Sowing the Seeds of Giving: A Practical Guide for Fundraisers\"\">Cultivating Donors in the Digital Era &#8220;Sowing the Seeds of Giving: A Practical Guide for Fundraisers&#8221;<\/a><\/div><\/div><div class=\"wp-block-coblocks-posts__item\"><div class=\"wp-block-coblocks-posts__image\"><a href=\"https:\/\/learning.hipgive.org\/en\/download-guia-circulos-de-dar-relampago\/\" class=\"bg-cover bg-center-center\" style=\"background-image:url(https:\/\/learning.hipgive.org\/wp-content\/uploads\/2024\/09\/portada-circulos-1.pptx-1200x675.png)\"><\/a><\/div><div class=\"wp-block-coblocks-posts__content\"><a href=\"https:\/\/learning.hipgive.org\/en\/download-guia-circulos-de-dar-relampago\/\" alt=\"Free download \"C\u00edrculos de Dar Rel\u00e1mpago: tu gu\u00eda paso a paso\"\">Free download &#8220;C\u00edrculos de Dar Rel\u00e1mpago: tu gu\u00eda paso a paso&#8221;<\/a><\/div><\/div><div class=\"wp-block-coblocks-posts__item\"><div class=\"wp-block-coblocks-posts__image\"><a href=\"https:\/\/learning.hipgive.org\/en\/results-report-lenguasvivas-2024\/\" class=\"bg-cover bg-center-center\" style=\"background-image:url(https:\/\/learning.hipgive.org\/wp-content\/uploads\/2024\/09\/Diseno-sin-titulo-2-1200x632.png)\"><\/a><\/div><div class=\"wp-block-coblocks-posts__content\"><a href=\"https:\/\/learning.hipgive.org\/en\/results-report-lenguasvivas-2024\/\" alt=\"#LenguasVivas: honoring our roots, reinvigorating our languages\">#LenguasVivas: honoring our roots, reinvigorating our languages<\/a><\/div><\/div><div class=\"wp-block-coblocks-posts__item\"><div class=\"wp-block-coblocks-posts__image\"><a href=\"https:\/\/learning.hipgive.org\/en\/small-organizations-big-successes\/\" class=\"bg-cover bg-center-center\" style=\"background-image:url(https:\/\/learning.hipgive.org\/wp-content\/uploads\/2024\/06\/PortadaFB_X_Mesa-de-trabajo-1-1200x486.jpeg)\"><\/a><\/div><div class=\"wp-block-coblocks-posts__content\"><a href=\"https:\/\/learning.hipgive.org\/en\/small-organizations-big-successes\/\" alt=\"Small organizations, big successes: what #LenguasVivas teaches us about community philanthropy in south east Mexico\u00a0\">Small organizations, big successes: what #LenguasVivas teaches us about community philanthropy in south east Mexico\u00a0<\/a><\/div><\/div><div class=\"wp-block-coblocks-posts__item\"><div class=\"wp-block-coblocks-posts__image\"><a href=\"https:\/\/learning.hipgive.org\/en\/charting-success-how-mujeres-aliadas-reach-their-goals-time-after-time\/\" class=\"bg-cover bg-center-center\" style=\"background-image:url(https:\/\/learning.hipgive.org\/wp-content\/uploads\/2024\/03\/COVERS-RUNRUNsm-01.png)\"><\/a><\/div><div class=\"wp-block-coblocks-posts__content\"><a href=\"https:\/\/learning.hipgive.org\/en\/charting-success-how-mujeres-aliadas-reach-their-goals-time-after-time\/\" alt=\"Charting Success: How Mujeres Aliadas reach their goals time after time\">Charting Success: How Mujeres Aliadas reach their goals time after time<\/a><\/div><\/div><\/div><\/div>","protected":false,"raw":"<!-- wp:coblocks\/posts {\"className\":\"is-style-stacked\",\"postsToShow\":5,\"displayPostContent\":false,\"displayPostDate\":false,\"excerptLength\":55} \/-->"},"excerpt":{"rendered":"","protected":false,"raw":""},"author":1,"featured_media":0,"parent":0,"menu_order":0,"comment_status":"closed","ping_status":"closed","template":"","meta":{"_monsterinsights_skip_tracking":false,"_monsterinsights_sitenote_active":false,"_monsterinsights_sitenote_note":"","_monsterinsights_sitenote_category":0,"_es_post_content":"<!-- wp:tadv\/classic-paragraph \/-->\n\n<!-- wp:columns -->\n<div class=\"wp-block-columns\"><!-- wp:column {\"width\":\"100%\"} -->\n<div class=\"wp-block-column\" style=\"flex-basis:100%\"><!-- wp:columns -->\n<div class=\"wp-block-columns\"><!-- wp:column {\"width\":\"100%\"} -->\n<div class=\"wp-block-column\" style=\"flex-basis:100%\"><!-- wp:coblocks\/posts {\"className\":\"is-style-stacked\",\"postsToShow\":5,\"displayPostContent\":false,\"displayPostDate\":false,\"excerptLength\":55} \/--><\/div>\n<!-- \/wp:column --><\/div>\n<!-- \/wp:columns --><\/div>\n<!-- \/wp:column --><\/div>\n<!-- \/wp:columns -->","_es_post_name":"hipgivers","_es_post_excerpt":"","_es_post_title":"HIPGivers","_en_post_content":"<!-- wp:coblocks\/posts {\"className\":\"is-style-stacked\",\"postsToShow\":5,\"displayPostContent\":false,\"displayPostDate\":false,\"excerptLength\":55} \/-->","_en_post_name":"nonprofits","_en_post_excerpt":"","_en_post_title":"HIPGivers","edit_language":"en","_coblocks_attr":"","_coblocks_dimensions":"","_coblocks_responsive_height":"","_coblocks_accordion_ie_support":"","footnotes":""},"class_list":["post-663","page","type-page","status-publish","hentry"],"aioseo_notices":[],"_links":{"self":[{"href":"https:\/\/learning.hipgive.org\/en\/wp-json\/wp\/v2\/pages\/663"}],"collection":[{"href":"https:\/\/learning.hipgive.org\/en\/wp-json\/wp\/v2\/pages"}],"about":[{"href":"https:\/\/learning.hipgive.org\/en\/wp-json\/wp\/v2\/types\/page"}],"author":[{"embeddable":true,"href":"https:\/\/learning.hipgive.org\/en\/wp-json\/wp\/v2\/users\/1"}],"replies":[{"embeddable":true,"href":"https:\/\/learning.hipgive.org\/en\/wp-json\/wp\/v2\/comments?post=663"}],"version-history":[{"count":2,"href":"https:\/\/learning.hipgive.org\/en\/wp-json\/wp\/v2\/pages\/663\/revisions"}],"predecessor-version":[{"id":668,"href":"https:\/\/learning.hipgive.org\/en\/wp-json\/wp\/v2\/pages\/663\/revisions\/668"}],"wp:attachment":[{"href":"https:\/\/learning.hipgive.org\/en\/wp-json\/wp\/v2\/media?parent=663"}],"curies":[{"name":"wp","href":"https:\/\/api.w.org\/{rel}","templated":true}]}}