{"id":1031,"date":"2022-05-09T17:00:35","date_gmt":"2022-05-09T23:00:35","guid":{"rendered":"https:\/\/learning.hipgive.org\/?page_id=1031"},"modified":"2023-11-15T16:34:19","modified_gmt":"2023-11-15T22:34:19","slug":"","status":"publish","type":"page","link":"https:\/\/learning.hipgive.org\/en\/mantente-en-contacto\/","title":{"rendered":"Keep in touch","raw":"Keep in touch"},"content":{"rendered":"\n<div class=\"wp-block-cover alignwide is-light\" style=\"min-height:226px;aspect-ratio:unset;\"><span aria-hidden=\"true\" class=\"wp-block-cover__background has-accent-background-color has-background-dim-100 has-background-dim\"><\/span><div class=\"wp-block-cover__inner-container is-layout-flow wp-block-cover-is-layout-flow\">\n<h1 class=\"wp-block-heading has-text-align-center\">Let&#8217;s keep in touch<\/h1>\n<\/div><\/div>\n\n\n\n<p><meta charset=\"utf-8\">Subscribe to our newsletter and receive information about our platform, campaigns, and webinars.<\/p>\n\n\n\n<div class=\"wpcf7 no-js\" id=\"wpcf7-f1070-o2\" lang=\"es-ES\" dir=\"ltr\">\n<div class=\"screen-reader-response\"><p role=\"status\" aria-live=\"polite\" aria-atomic=\"true\"><\/p> <ul><\/ul><\/div>\n<form action=\"\/en\/wp-json\/wp\/v2\/pages\/1031#wpcf7-f1070-o2\" method=\"post\" class=\"wpcf7-form init\" aria-label=\"Formulario de contacto\" novalidate=\"novalidate\" data-status=\"init\">\n<div style=\"display: none;\">\n<input type=\"hidden\" name=\"_wpcf7\" value=\"1070\" \/>\n<input type=\"hidden\" name=\"_wpcf7_version\" value=\"5.9.8\" \/>\n<input type=\"hidden\" name=\"_wpcf7_locale\" value=\"es_ES\" \/>\n<input type=\"hidden\" name=\"_wpcf7_unit_tag\" value=\"wpcf7-f1070-o2\" \/>\n<input type=\"hidden\" name=\"_wpcf7_container_post\" value=\"0\" \/>\n<input type=\"hidden\" name=\"_wpcf7_posted_data_hash\" value=\"\" \/>\n<\/div>\n<p><label> First Name<br \/>\n<span class=\"wpcf7-form-control-wrap\" data-name=\"your-name\"><input size=\"40\" maxlength=\"400\" class=\"wpcf7-form-control wpcf7-text wpcf7-validates-as-required\" aria-required=\"true\" aria-invalid=\"false\" value=\"\" type=\"text\" name=\"your-name\" \/><\/span> <\/label><br \/>\n<label> Last Name<br \/>\n<span class=\"wpcf7-form-control-wrap\" data-name=\"second-name\"><input size=\"40\" maxlength=\"400\" class=\"wpcf7-form-control wpcf7-text wpcf7-validates-as-required\" aria-required=\"true\" aria-invalid=\"false\" value=\"\" type=\"text\" name=\"second-name\" \/><\/span> <\/label><br \/>\n<label> Organization<br \/>\n<span class=\"wpcf7-form-control-wrap\" data-name=\"org-name\"><input size=\"40\" maxlength=\"400\" class=\"wpcf7-form-control wpcf7-text wpcf7-validates-as-required\" aria-required=\"true\" aria-invalid=\"false\" value=\"\" type=\"text\" name=\"org-name\" \/><\/span> <\/label><br \/>\n<label> Job Title<br \/>\n<span class=\"wpcf7-form-control-wrap\" data-name=\"job-name\"><input size=\"40\" maxlength=\"400\" class=\"wpcf7-form-control wpcf7-text wpcf7-validates-as-required\" aria-required=\"true\" aria-invalid=\"false\" value=\"\" type=\"text\" name=\"job-name\" \/><\/span> <\/label><br \/>\n<label> Email Address<br \/>\n<span class=\"wpcf7-form-control-wrap\" data-name=\"your-email\"><input size=\"40\" maxlength=\"400\" class=\"wpcf7-form-control wpcf7-email wpcf7-validates-as-required wpcf7-text wpcf7-validates-as-email\" aria-required=\"true\" aria-invalid=\"false\" value=\"\" type=\"email\" name=\"your-email\" \/><\/span> <\/label><br \/>\n<label> WhatsApp number<br \/>\n<span class=\"wpcf7-form-control-wrap\" data-name=\"whapp-num\"><input size=\"40\" maxlength=\"400\" class=\"wpcf7-form-control wpcf7-text wpcf7-validates-as-required\" aria-required=\"true\" aria-invalid=\"false\" value=\"\" type=\"text\" name=\"whapp-num\" \/><\/span> <\/label><br \/>\n<label> Country<br \/>\n<span class=\"wpcf7-form-control-wrap\" data-name=\"country-name\"><input size=\"40\" maxlength=\"400\" class=\"wpcf7-form-control wpcf7-text wpcf7-validates-as-required\" aria-required=\"true\" aria-invalid=\"false\" value=\"\" type=\"text\" name=\"country-name\" \/><\/span> <\/label><br \/>\n<label> Language<br \/>\n<span class=\"wpcf7-form-control-wrap\" data-name=\"your-language\"><select class=\"wpcf7-form-control wpcf7-select wpcf7-validates-as-required\" aria-required=\"true\" aria-invalid=\"false\" name=\"your-language\"><option value=\"Spanish\">Spanish<\/option><option value=\"English\">English<\/option><\/select><\/span><br \/>\n<label> Receive information about:<br \/>\n<span class=\"wpcf7-form-control-wrap\" data-name=\"radio-322\"><span class=\"wpcf7-form-control wpcf7-radio\"><span class=\"wpcf7-list-item first\"><label><input type=\"radio\" name=\"radio-322\" value=\"HIPGive\" \/><span class=\"wpcf7-list-item-label\">HIPGive<\/span><\/label><\/span><span class=\"wpcf7-list-item\"><label><input type=\"radio\" name=\"radio-322\" value=\"La Mesa\" \/><span class=\"wpcf7-list-item-label\">La Mesa<\/span><\/label><\/span><span class=\"wpcf7-list-item last\"><label><input type=\"radio\" name=\"radio-322\" value=\"Both\" \/><span class=\"wpcf7-list-item-label\">Both<\/span><\/label><\/span><\/span><\/span><br \/>\n<\/label><br \/>\n<input class=\"wpcf7-form-control wpcf7-submit has-spinner\" type=\"submit\" value=\"Send\" \/><\/label>\n<\/p><div class=\"wpcf7-response-output\" aria-hidden=\"true\"><\/div>\n<\/form>\n<\/div>\n\n","protected":false,"raw":"<!-- wp:cover {\"overlayColor\":\"accent\",\"minHeight\":226,\"minHeightUnit\":\"px\",\"align\":\"wide\",\"className\":\"is-light\"} -->\n<div class=\"wp-block-cover alignwide is-light\" style=\"min-height:226px\"><span aria-hidden=\"true\" class=\"wp-block-cover__background has-accent-background-color has-background-dim-100 has-background-dim\"><\/span><div class=\"wp-block-cover__inner-container\"><!-- wp:heading {\"textAlign\":\"center\",\"level\":1} -->\n<h1 class=\"wp-block-heading has-text-align-center\">Let's keep in touch<\/h1>\n<!-- \/wp:heading --><\/div><\/div>\n<!-- \/wp:cover -->\n\n<!-- wp:paragraph -->\n<p><meta charset=\"utf-8\">Subscribe to our newsletter and receive information about our platform, campaigns, and webinars.<\/p>\n<!-- \/wp:paragraph -->\n\n<!-- wp:shortcode -->\n[contact-form-7 id=\"1070\" title=\"Descargas_org_en\"]\n<!-- \/wp:shortcode -->"},"excerpt":{"rendered":"","protected":false,"raw":""},"author":1,"featured_media":0,"parent":0,"menu_order":0,"comment_status":"closed","ping_status":"closed","template":"tw-no-title.php","meta":{"_monsterinsights_skip_tracking":false,"_monsterinsights_sitenote_active":false,"_monsterinsights_sitenote_note":"","_monsterinsights_sitenote_category":0,"_es_post_content":"<!-- wp:cover {\"overlayColor\":\"accent\",\"minHeight\":226,\"minHeightUnit\":\"px\",\"contentPosition\":\"center center\",\"align\":\"center\",\"className\":\"is-light\"} -->\n<div class=\"wp-block-cover aligncenter is-light\" style=\"min-height:226px\"><span aria-hidden=\"true\" class=\"wp-block-cover__background has-accent-background-color has-background-dim-100 has-background-dim\"><\/span><div class=\"wp-block-cover__inner-container\"><!-- wp:heading {\"textAlign\":\"center\",\"level\":1} -->\n<h1 class=\"wp-block-heading has-text-align-center\">Mantente en contacto<\/h1>\n<!-- \/wp:heading --><\/div><\/div>\n<!-- \/wp:cover -->\n\n<!-- wp:paragraph -->\n<p>Suscr\u00edbete a nuestro newsletter para recibir informaci\u00f3n sobre la plataforma, campa\u00f1as, webinars y art\u00edculos.<\/p>\n<!-- \/wp:paragraph -->\n\n<!-- wp:shortcode -->\n[contact-form-7 id=\"787\" title=\"Descargas_org_es\"]\n<!-- \/wp:shortcode -->\n\n<!-- wp:tadv\/classic-paragraph \/-->","_es_post_name":"mantente-en-contacto","_es_post_excerpt":"","_es_post_title":"Mantente en contacto","_en_post_content":"<!-- wp:cover {\"overlayColor\":\"accent\",\"minHeight\":226,\"minHeightUnit\":\"px\",\"align\":\"wide\",\"className\":\"is-light\"} -->\n<div class=\"wp-block-cover alignwide is-light\" style=\"min-height:226px\"><span aria-hidden=\"true\" class=\"wp-block-cover__background has-accent-background-color has-background-dim-100 has-background-dim\"><\/span><div class=\"wp-block-cover__inner-container\"><!-- wp:heading {\"textAlign\":\"center\",\"level\":1} -->\n<h1 class=\"wp-block-heading has-text-align-center\">Let's keep in touch<\/h1>\n<!-- \/wp:heading --><\/div><\/div>\n<!-- \/wp:cover -->\n\n<!-- wp:paragraph -->\n<p><meta charset=\"utf-8\">Subscribe to our newsletter and receive information about our platform, campaigns, and webinars.<\/p>\n<!-- \/wp:paragraph -->\n\n<!-- wp:shortcode -->\n[contact-form-7 id=\"1070\" title=\"Descargas_org_en\"]\n<!-- \/wp:shortcode -->","_en_post_name":"","_en_post_excerpt":"","_en_post_title":"Keep in touch","edit_language":"en","_coblocks_attr":"","_coblocks_dimensions":"","_coblocks_responsive_height":"","_coblocks_accordion_ie_support":"","footnotes":""},"class_list":["post-1031","page","type-page","status-publish","hentry"],"aioseo_notices":[],"_links":{"self":[{"href":"https:\/\/learning.hipgive.org\/en\/wp-json\/wp\/v2\/pages\/1031"}],"collection":[{"href":"https:\/\/learning.hipgive.org\/en\/wp-json\/wp\/v2\/pages"}],"about":[{"href":"https:\/\/learning.hipgive.org\/en\/wp-json\/wp\/v2\/types\/page"}],"author":[{"embeddable":true,"href":"https:\/\/learning.hipgive.org\/en\/wp-json\/wp\/v2\/users\/1"}],"replies":[{"embeddable":true,"href":"https:\/\/learning.hipgive.org\/en\/wp-json\/wp\/v2\/comments?post=1031"}],"version-history":[{"count":6,"href":"https:\/\/learning.hipgive.org\/en\/wp-json\/wp\/v2\/pages\/1031\/revisions"}],"predecessor-version":[{"id":1365,"href":"https:\/\/learning.hipgive.org\/en\/wp-json\/wp\/v2\/pages\/1031\/revisions\/1365"}],"wp:attachment":[{"href":"https:\/\/learning.hipgive.org\/en\/wp-json\/wp\/v2\/media?parent=1031"}],"curies":[{"name":"wp","href":"https:\/\/api.w.org\/{rel}","templated":true}]}}