{"id":1137,"date":"2023-02-01T18:46:05","date_gmt":"2023-02-02T00:46:05","guid":{"rendered":"https:\/\/learning.hipgive.org\/?page_id=1137"},"modified":"2024-12-22T15:33:44","modified_gmt":"2024-12-22T21:33:44","slug":"links","status":"publish","type":"page","link":"http:\/\/learning.hipgive.org\/en\/links\/","title":{"rendered":"Links","raw":"Links"},"content":{"rendered":"\r\n<div class=\"wp-block-cover alignfull is-light\" style=\"min-height: 100vh;aspect-ratio:unset;\"><img loading=\"lazy\" decoding=\"async\" width=\"1295\" height=\"1080\" sizes=\"(max-width: 799px) 200vw,(max-width: 1295px) 100vw,1295px\" class=\"wp-block-cover__image-background wp-image-1140\" src=\"https:\/\/learning.hipgive.org\/wp-content\/uploads\/2023\/02\/Slido.001-copy.jpeg\" alt=\"\" data-object-fit=\"cover\" srcset=\"http:\/\/learning.hipgive.org\/wp-content\/uploads\/2023\/02\/Slido.001-copy.jpeg 1295w, http:\/\/learning.hipgive.org\/wp-content\/uploads\/2023\/02\/Slido.001-copy-300x250.jpeg 300w, http:\/\/learning.hipgive.org\/wp-content\/uploads\/2023\/02\/Slido.001-copy-1024x854.jpeg 1024w, http:\/\/learning.hipgive.org\/wp-content\/uploads\/2023\/02\/Slido.001-copy-768x640.jpeg 768w, http:\/\/learning.hipgive.org\/wp-content\/uploads\/2023\/02\/Slido.001-copy-1200x1001.jpeg 1200w\" \/>\r\n<div class=\"wp-block-cover__inner-container is-layout-flow wp-block-cover-is-layout-flow\">\r\n<h1 class=\"wp-block-heading has-text-align-center tw-mb-5 has-h-3-font-size\">@HIPGive<\/h1>\r\n\r\n\r\n\r\n<div class=\"wp-block-buttons is-vertical is-content-justification-center is-layout-flex wp-container-core-buttons-is-layout-2 wp-block-buttons-is-layout-flex\">\r\n<div class=\"wp-block-button has-custom-width wp-block-button__width-50 is-style-outline is-style-outline--5a65fc8be23403709e8cf2e278d0c56e\"><a class=\"wp-block-button__link has-white-color has-text-color wp-element-button\" href=\"https:\/\/philanthropytogether.org\/programs-resources\/start-a-giving-circle-launchpad\/#launchpad_app\">Launchpad latinx<\/a><\/div>\r\n\r\n\r\n\r\n<div class=\"wp-block-button has-custom-width wp-block-button__width-50 is-style-outline is-style-outline--17cf29d343802ce2b3227c0aca7b2742\"><a class=\"wp-block-button__link has-white-color has-text-color wp-element-button\" href=\"https:\/\/hipgive.org\/en\/campaign\/comunidadenmovimiento2023?tab=info\">#Comunidadenmovimiento 2023<\/a><\/div>\r\n\r\n\r\n\r\n<div class=\"wp-block-button has-custom-width wp-block-button__width-50 is-style-outline is-style-outline--2f57b214dc6e1b5c33a8e6b289057c2b\"><a class=\"wp-block-button__link has-white-color has-text-color wp-element-button\" href=\"https:\/\/hipgive.org\/es\/campaign\/mxdona-2023?tab=info\">#Mxdona 2023<\/a><\/div>\r\n\r\n\r\n\r\n<div class=\"wp-block-button has-custom-width wp-block-button__width-50 is-style-outline is-style-outline--fe3ffbdaa381b94553e7dc9885bcb718\"><a class=\"wp-block-button__link has-white-color has-text-color wp-element-button\" href=\"https:\/\/hipgive.org\/en\/campaign\/orgulloypride2023?tab=projects\">PROJECTS #ORGULLOYPRIDE<\/a><\/div>\r\n\r\n\r\n\r\n<div class=\"wp-block-button has-custom-width wp-block-button__width-50 is-style-outline is-style-outline--2fb29db650b1304579ac846a85b1ce7d\"><a class=\"wp-block-button__link has-white-color has-text-color wp-element-button\" href=\"https:\/\/hipgive.org\/en\/projects?category=projects\">Support nonprofits on HIPGive<\/a><\/div>\r\n\r\n\r\n\r\n<div class=\"wp-block-button has-custom-width wp-block-button__width-50 is-style-outline is-style-outline--1696ca4ed4d7647e2cc65656a36c18b9\"><a class=\"wp-block-button__link has-white-color has-text-color wp-element-button\" href=\"https:\/\/learning.hipgive.org\/\">LEarning Center articles<\/a><\/div>\r\n<\/div>\r\n\r\n\r\n\r\n<ul class=\"wp-block-social-links aligncenter has-icon-color tw-mt-5 is-style-logos-only tw-hover-opacity is-layout-flex wp-block-social-links-is-layout-flex\"><li style=\"color: #ffffff; \" class=\"wp-social-link wp-social-link-facebook has-white-color wp-block-social-link\"><a href=\"https:\/\/www.facebook.com\/hipgive%20\" class=\"wp-block-social-link-anchor\"><svg width=\"24\" height=\"24\" viewBox=\"0 0 24 24\" version=\"1.1\" xmlns=\"http:\/\/www.w3.org\/2000\/svg\" aria-hidden=\"true\" focusable=\"false\"><path d=\"M12 2C6.5 2 2 6.5 2 12c0 5 3.7 9.1 8.4 9.9v-7H7.9V12h2.5V9.8c0-2.5 1.5-3.9 3.8-3.9 1.1 0 2.2.2 2.2.2v2.5h-1.3c-1.2 0-1.6.8-1.6 1.6V12h2.8l-.4 2.9h-2.3v7C18.3 21.1 22 17 22 12c0-5.5-4.5-10-10-10z\"><\/path><\/svg><span class=\"wp-block-social-link-label screen-reader-text\">Facebook<\/span><\/a><\/li>\r\n\r\n<li style=\"color: #ffffff; \" class=\"wp-social-link wp-social-link-instagram has-white-color wp-block-social-link\"><a href=\"https:\/\/www.instagram.com\/hipgive\/%20\" class=\"wp-block-social-link-anchor\"><svg width=\"24\" height=\"24\" viewBox=\"0 0 24 24\" version=\"1.1\" xmlns=\"http:\/\/www.w3.org\/2000\/svg\" aria-hidden=\"true\" focusable=\"false\"><path d=\"M12,4.622c2.403,0,2.688,0.009,3.637,0.052c0.877,0.04,1.354,0.187,1.671,0.31c0.42,0.163,0.72,0.358,1.035,0.673 c0.315,0.315,0.51,0.615,0.673,1.035c0.123,0.317,0.27,0.794,0.31,1.671c0.043,0.949,0.052,1.234,0.052,3.637 s-0.009,2.688-0.052,3.637c-0.04,0.877-0.187,1.354-0.31,1.671c-0.163,0.42-0.358,0.72-0.673,1.035 c-0.315,0.315-0.615,0.51-1.035,0.673c-0.317,0.123-0.794,0.27-1.671,0.31c-0.949,0.043-1.233,0.052-3.637,0.052 s-2.688-0.009-3.637-0.052c-0.877-0.04-1.354-0.187-1.671-0.31c-0.42-0.163-0.72-0.358-1.035-0.673 c-0.315-0.315-0.51-0.615-0.673-1.035c-0.123-0.317-0.27-0.794-0.31-1.671C4.631,14.688,4.622,14.403,4.622,12 s0.009-2.688,0.052-3.637c0.04-0.877,0.187-1.354,0.31-1.671c0.163-0.42,0.358-0.72,0.673-1.035 c0.315-0.315,0.615-0.51,1.035-0.673c0.317-0.123,0.794-0.27,1.671-0.31C9.312,4.631,9.597,4.622,12,4.622 M12,3 C9.556,3,9.249,3.01,8.289,3.054C7.331,3.098,6.677,3.25,6.105,3.472C5.513,3.702,5.011,4.01,4.511,4.511 c-0.5,0.5-0.808,1.002-1.038,1.594C3.25,6.677,3.098,7.331,3.054,8.289C3.01,9.249,3,9.556,3,12c0,2.444,0.01,2.751,0.054,3.711 c0.044,0.958,0.196,1.612,0.418,2.185c0.23,0.592,0.538,1.094,1.038,1.594c0.5,0.5,1.002,0.808,1.594,1.038 c0.572,0.222,1.227,0.375,2.185,0.418C9.249,20.99,9.556,21,12,21s2.751-0.01,3.711-0.054c0.958-0.044,1.612-0.196,2.185-0.418 c0.592-0.23,1.094-0.538,1.594-1.038c0.5-0.5,0.808-1.002,1.038-1.594c0.222-0.572,0.375-1.227,0.418-2.185 C20.99,14.751,21,14.444,21,12s-0.01-2.751-0.054-3.711c-0.044-0.958-0.196-1.612-0.418-2.185c-0.23-0.592-0.538-1.094-1.038-1.594 c-0.5-0.5-1.002-0.808-1.594-1.038c-0.572-0.222-1.227-0.375-2.185-0.418C14.751,3.01,14.444,3,12,3L12,3z M12,7.378 c-2.552,0-4.622,2.069-4.622,4.622S9.448,16.622,12,16.622s4.622-2.069,4.622-4.622S14.552,7.378,12,7.378z M12,15 c-1.657,0-3-1.343-3-3s1.343-3,3-3s3,1.343,3,3S13.657,15,12,15z M16.804,6.116c-0.596,0-1.08,0.484-1.08,1.08 s0.484,1.08,1.08,1.08c0.596,0,1.08-0.484,1.08-1.08S17.401,6.116,16.804,6.116z\"><\/path><\/svg><span class=\"wp-block-social-link-label screen-reader-text\">Instagram<\/span><\/a><\/li>\r\n\r\n<li style=\"color: #ffffff; \" class=\"wp-social-link wp-social-link-twitter has-white-color wp-block-social-link\"><a href=\"https:\/\/twitter.com\/HIPGive%20\" class=\"wp-block-social-link-anchor\"><svg width=\"24\" height=\"24\" viewBox=\"0 0 24 24\" version=\"1.1\" xmlns=\"http:\/\/www.w3.org\/2000\/svg\" aria-hidden=\"true\" focusable=\"false\"><path d=\"M22.23,5.924c-0.736,0.326-1.527,0.547-2.357,0.646c0.847-0.508,1.498-1.312,1.804-2.27 c-0.793,0.47-1.671,0.812-2.606,0.996C18.324,4.498,17.257,4,16.077,4c-2.266,0-4.103,1.837-4.103,4.103 c0,0.322,0.036,0.635,0.106,0.935C8.67,8.867,5.647,7.234,3.623,4.751C3.27,5.357,3.067,6.062,3.067,6.814 c0,1.424,0.724,2.679,1.825,3.415c-0.673-0.021-1.305-0.206-1.859-0.513c0,0.017,0,0.034,0,0.052c0,1.988,1.414,3.647,3.292,4.023 c-0.344,0.094-0.707,0.144-1.081,0.144c-0.264,0-0.521-0.026-0.772-0.074c0.522,1.63,2.038,2.816,3.833,2.85 c-1.404,1.1-3.174,1.756-5.096,1.756c-0.331,0-0.658-0.019-0.979-0.057c1.816,1.164,3.973,1.843,6.29,1.843 c7.547,0,11.675-6.252,11.675-11.675c0-0.178-0.004-0.355-0.012-0.531C20.985,7.47,21.68,6.747,22.23,5.924z\"><\/path><\/svg><span class=\"wp-block-social-link-label screen-reader-text\">Twitter<\/span><\/a><\/li>\r\n\r\n<li style=\"color: #ffffff; \" class=\"wp-social-link wp-social-link-linkedin has-white-color wp-block-social-link\"><a href=\"https:\/\/www.linkedin.com\/company\/hipgive\/%20\" class=\"wp-block-social-link-anchor\"><svg width=\"24\" height=\"24\" viewBox=\"0 0 24 24\" version=\"1.1\" xmlns=\"http:\/\/www.w3.org\/2000\/svg\" aria-hidden=\"true\" focusable=\"false\"><path d=\"M19.7,3H4.3C3.582,3,3,3.582,3,4.3v15.4C3,20.418,3.582,21,4.3,21h15.4c0.718,0,1.3-0.582,1.3-1.3V4.3 C21,3.582,20.418,3,19.7,3z M8.339,18.338H5.667v-8.59h2.672V18.338z M7.004,8.574c-0.857,0-1.549-0.694-1.549-1.548 c0-0.855,0.691-1.548,1.549-1.548c0.854,0,1.547,0.694,1.547,1.548C8.551,7.881,7.858,8.574,7.004,8.574z M18.339,18.338h-2.669 v-4.177c0-0.996-0.017-2.278-1.387-2.278c-1.389,0-1.601,1.086-1.601,2.206v4.249h-2.667v-8.59h2.559v1.174h0.037 c0.356-0.675,1.227-1.387,2.526-1.387c2.703,0,3.203,1.779,3.203,4.092V18.338z\"><\/path><\/svg><span class=\"wp-block-social-link-label screen-reader-text\">LinkedIn<\/span><\/a><\/li><\/ul>\r\n<\/div>\r\n<\/div>\r\n","protected":false,"raw":"<!-- wp:cover {\"url\":\"https:\/\/learning.hipgive.org\/wp-content\/uploads\/2023\/02\/Slido.001-copy.jpeg\",\"id\":1140,\"dimRatio\":50,\"minHeight\":100,\"minHeightUnit\":\"vh\",\"align\":\"full\"} -->\r\n<div class=\"wp-block-cover alignfull is-light\" style=\"min-height: 100vh;\"><img class=\"wp-block-cover__image-background wp-image-1140\" src=\"https:\/\/learning.hipgive.org\/wp-content\/uploads\/2023\/02\/Slido.001-copy.jpeg\" alt=\"\" data-object-fit=\"cover\" \/>\r\n<div class=\"wp-block-cover__inner-container\"><!-- wp:heading {\"textAlign\":\"center\",\"level\":1,\"className\":\"tw-mb-5\",\"fontSize\":\"h3\"} -->\r\n<h1 class=\"wp-block-heading has-text-align-center tw-mb-5 has-h-3-font-size\">@HIPGive<\/h1>\r\n<!-- \/wp:heading -->\r\n\r\n<!-- wp:buttons {\"layout\":{\"type\":\"flex\",\"justifyContent\":\"center\",\"orientation\":\"vertical\"}} -->\r\n<div class=\"wp-block-buttons\"><!-- wp:button {\"textColor\":\"white\",\"width\":50,\"className\":\"is-style-outline\"} -->\r\n<div class=\"wp-block-button has-custom-width wp-block-button__width-50 is-style-outline\"><a class=\"wp-block-button__link has-white-color has-text-color wp-element-button\" href=\"https:\/\/philanthropytogether.org\/programs-resources\/start-a-giving-circle-launchpad\/#launchpad_app\">Launchpad latinx<\/a><\/div>\r\n<!-- \/wp:button -->\r\n\r\n<!-- wp:button {\"textColor\":\"white\",\"width\":50,\"className\":\"is-style-outline\"} -->\r\n<div class=\"wp-block-button has-custom-width wp-block-button__width-50 is-style-outline\"><a class=\"wp-block-button__link has-white-color has-text-color wp-element-button\" href=\"https:\/\/hipgive.org\/en\/campaign\/comunidadenmovimiento2023?tab=info\">#Comunidadenmovimiento 2023<\/a><\/div>\r\n<!-- \/wp:button -->\r\n\r\n<!-- wp:button {\"textColor\":\"white\",\"width\":50,\"className\":\"is-style-outline\"} -->\r\n<div class=\"wp-block-button has-custom-width wp-block-button__width-50 is-style-outline\"><a class=\"wp-block-button__link has-white-color has-text-color wp-element-button\" href=\"https:\/\/hipgive.org\/es\/campaign\/mxdona-2023?tab=info\">#Mxdona 2023<\/a><\/div>\r\n<!-- \/wp:button -->\r\n\r\n<!-- wp:button {\"textColor\":\"white\",\"width\":50,\"className\":\"is-style-outline\"} -->\r\n<div class=\"wp-block-button has-custom-width wp-block-button__width-50 is-style-outline\"><a class=\"wp-block-button__link has-white-color has-text-color wp-element-button\" href=\"https:\/\/hipgive.org\/en\/campaign\/orgulloypride2023?tab=projects\">PROJECTS #ORGULLOYPRIDE<\/a><\/div>\r\n<!-- \/wp:button -->\r\n\r\n<!-- wp:button {\"textColor\":\"white\",\"width\":50,\"className\":\"is-style-outline\"} -->\r\n<div class=\"wp-block-button has-custom-width wp-block-button__width-50 is-style-outline\"><a class=\"wp-block-button__link has-white-color has-text-color wp-element-button\" href=\"https:\/\/hipgive.org\/en\/projects?category=projects\">Support nonprofits on HIPGive<\/a><\/div>\r\n<!-- \/wp:button -->\r\n\r\n<!-- wp:button {\"textColor\":\"white\",\"width\":50,\"className\":\"is-style-outline\"} -->\r\n<div class=\"wp-block-button has-custom-width wp-block-button__width-50 is-style-outline\"><a class=\"wp-block-button__link has-white-color has-text-color wp-element-button\" href=\"https:\/\/learning.hipgive.org\/\">LEarning Center articles<\/a><\/div>\r\n<!-- \/wp:button --><\/div>\r\n<!-- \/wp:buttons -->\r\n\r\n<!-- wp:social-links {\"iconColor\":\"white\",\"iconColorValue\":\"#ffffff\",\"align\":\"center\",\"className\":\"tw-mt-5 is-style-logos-only tw-hover-opacity\"} -->\r\n<ul class=\"wp-block-social-links aligncenter has-icon-color tw-mt-5 is-style-logos-only tw-hover-opacity\"><!-- wp:social-link {\"url\":\"https:\/\/www.facebook.com\/hipgive \",\"service\":\"facebook\"} \/-->\r\n\r\n<!-- wp:social-link {\"url\":\"https:\/\/www.instagram.com\/hipgive\/ \",\"service\":\"instagram\"} \/-->\r\n\r\n<!-- wp:social-link {\"url\":\"https:\/\/twitter.com\/HIPGive \",\"service\":\"twitter\"} \/-->\r\n\r\n<!-- wp:social-link {\"url\":\"https:\/\/www.linkedin.com\/company\/hipgive\/ \",\"service\":\"linkedin\"} \/--><\/ul>\r\n<!-- \/wp:social-links --><\/div>\r\n<\/div>\r\n<!-- \/wp:cover -->"},"excerpt":{"rendered":"","protected":false,"raw":""},"author":1,"featured_media":0,"parent":0,"menu_order":0,"comment_status":"closed","ping_status":"closed","template":"tw-no-header-footer.php","meta":{"_monsterinsights_skip_tracking":false,"_monsterinsights_sitenote_active":false,"_monsterinsights_sitenote_note":"","_monsterinsights_sitenote_category":0,"_es_post_content":"<!-- wp:cover {\"url\":\"https:\/\/learning.hipgive.org\/wp-content\/uploads\/2023\/02\/Slido.001-copy.jpeg\",\"id\":1140,\"dimRatio\":50,\"minHeight\":100,\"minHeightUnit\":\"vh\",\"isDark\":false,\"align\":\"full\"} -->\n<div class=\"wp-block-cover alignfull is-light\" style=\"min-height:100vh\"><span aria-hidden=\"true\" class=\"wp-block-cover__background has-background-dim\"><\/span><img class=\"wp-block-cover__image-background wp-image-1140\" alt=\"\" src=\"https:\/\/learning.hipgive.org\/wp-content\/uploads\/2023\/02\/Slido.001-copy.jpeg\" data-object-fit=\"cover\"\/><div class=\"wp-block-cover__inner-container\"><!-- wp:heading {\"textAlign\":\"center\",\"level\":1,\"className\":\"tw-mb-5\",\"fontSize\":\"h3\"} -->\n<h1 class=\"wp-block-heading has-text-align-center tw-mb-5 has-h-3-font-size\">@HIPGive<\/h1>\n<!-- \/wp:heading -->\n\n<!-- wp:buttons {\"layout\":{\"type\":\"flex\",\"justifyContent\":\"center\",\"orientation\":\"vertical\"}} -->\n<div class=\"wp-block-buttons\"><!-- wp:button {\"textColor\":\"white\",\"width\":50,\"className\":\"is-style-outline\"} -->\n<div class=\"wp-block-button has-custom-width wp-block-button__width-50 is-style-outline\"><a class=\"wp-block-button__link has-white-color has-text-color wp-element-button\" href=\"https:\/\/bit.ly\/3BatczT\"><\/a><\/div>\n<!-- \/wp:button -->\n\n<!-- wp:button {\"textColor\":\"white\",\"width\":50,\"className\":\"is-style-outline\"} -->\n<div class=\"wp-block-button has-custom-width wp-block-button__width-50 is-style-outline\"><a class=\"wp-block-button__link has-white-color has-text-color wp-element-button\" href=\"https:\/\/learning.hipgive.org\/descarga-guia-circulos-de-dar-relampago\/\">Descarga C\u00edrculos de Dar Rel\u00e1mpago: tu gu\u00eda paso a paso<\/a><\/div>\n<!-- \/wp:button -->\n\n<!-- wp:button {\"textColor\":\"white\",\"width\":50,\"className\":\"is-style-outline\"} -->\n<div class=\"wp-block-button has-custom-width wp-block-button__width-50 is-style-outline\"><a class=\"wp-block-button__link has-white-color has-text-color wp-element-button\" href=\"https:\/\/hipgive.org\/es\/projects?section=orgs\">Aporta a las organizaciones<\/a><\/div>\n<!-- \/wp:button -->\n\n<!-- wp:button {\"textColor\":\"white\",\"width\":50,\"className\":\"is-style-outline\"} -->\n<div class=\"wp-block-button has-custom-width wp-block-button__width-50 is-style-outline\"><a class=\"wp-block-button__link has-white-color has-text-color wp-element-button\" href=\"https:\/\/hipgive.org\/es\/projects?category=projects\">Conoce los proyectos en HIPGive<\/a><\/div>\n<!-- \/wp:button -->\n\n<!-- wp:button {\"textColor\":\"white\",\"width\":50,\"className\":\"is-style-outline\"} -->\n<div class=\"wp-block-button has-custom-width wp-block-button__width-50 is-style-outline\"><a class=\"wp-block-button__link has-white-color has-text-color wp-element-button\" href=\"https:\/\/learning.hipgive.org\/\">\u00daltimos art\u00edculos LEarning Center<\/a><\/div>\n<!-- \/wp:button --><\/div>\n<!-- \/wp:buttons -->\n\n<!-- wp:social-links {\"iconColor\":\"white\",\"iconColorValue\":\"#ffffff\",\"align\":\"center\",\"className\":\"tw-mt-5 is-style-logos-only tw-hover-opacity\"} -->\n<ul class=\"wp-block-social-links aligncenter has-icon-color tw-mt-5 is-style-logos-only tw-hover-opacity\"><!-- wp:social-link {\"url\":\"https:\/\/www.facebook.com\/hipgive \",\"service\":\"facebook\"} \/-->\n\n<!-- wp:social-link {\"url\":\"https:\/\/www.instagram.com\/hipgive\/ \",\"service\":\"instagram\"} \/-->\n\n<!-- wp:social-link {\"url\":\"https:\/\/twitter.com\/HIPGive \",\"service\":\"twitter\"} \/-->\n\n<!-- wp:social-link {\"url\":\"https:\/\/www.linkedin.com\/company\/hipgive\/ \",\"service\":\"linkedin\"} \/--><\/ul>\n<!-- \/wp:social-links --><\/div><\/div>\n<!-- \/wp:cover -->","_es_post_name":"links","_es_post_excerpt":"Links a campa\u00f1as, eventos y actividades de HIPGive","_es_post_title":"Links","_en_post_content":"<!-- wp:cover {\"url\":\"https:\/\/learning.hipgive.org\/wp-content\/uploads\/2023\/02\/Slido.001-copy.jpeg\",\"id\":1140,\"dimRatio\":50,\"minHeight\":100,\"minHeightUnit\":\"vh\",\"align\":\"full\"} -->\r\n<div class=\"wp-block-cover alignfull is-light\" style=\"min-height: 100vh;\"><img class=\"wp-block-cover__image-background wp-image-1140\" src=\"https:\/\/learning.hipgive.org\/wp-content\/uploads\/2023\/02\/Slido.001-copy.jpeg\" alt=\"\" data-object-fit=\"cover\" \/>\r\n<div class=\"wp-block-cover__inner-container\"><!-- wp:heading {\"textAlign\":\"center\",\"level\":1,\"className\":\"tw-mb-5\",\"fontSize\":\"h3\"} -->\r\n<h1 class=\"wp-block-heading has-text-align-center tw-mb-5 has-h-3-font-size\">@HIPGive<\/h1>\r\n<!-- \/wp:heading -->\r\n\r\n<!-- wp:buttons {\"layout\":{\"type\":\"flex\",\"justifyContent\":\"center\",\"orientation\":\"vertical\"}} -->\r\n<div class=\"wp-block-buttons\"><!-- wp:button {\"textColor\":\"white\",\"width\":50,\"className\":\"is-style-outline\"} -->\r\n<div class=\"wp-block-button has-custom-width wp-block-button__width-50 is-style-outline\"><a class=\"wp-block-button__link has-white-color has-text-color wp-element-button\" href=\"https:\/\/philanthropytogether.org\/programs-resources\/start-a-giving-circle-launchpad\/#launchpad_app\">Launchpad latinx<\/a><\/div>\r\n<!-- \/wp:button -->\r\n\r\n<!-- wp:button {\"textColor\":\"white\",\"width\":50,\"className\":\"is-style-outline\"} -->\r\n<div class=\"wp-block-button has-custom-width wp-block-button__width-50 is-style-outline\"><a class=\"wp-block-button__link has-white-color has-text-color wp-element-button\" href=\"https:\/\/hipgive.org\/en\/campaign\/comunidadenmovimiento2023?tab=info\">#Comunidadenmovimiento 2023<\/a><\/div>\r\n<!-- \/wp:button -->\r\n\r\n<!-- wp:button {\"textColor\":\"white\",\"width\":50,\"className\":\"is-style-outline\"} -->\r\n<div class=\"wp-block-button has-custom-width wp-block-button__width-50 is-style-outline\"><a class=\"wp-block-button__link has-white-color has-text-color wp-element-button\" href=\"https:\/\/hipgive.org\/es\/campaign\/mxdona-2023?tab=info\">#Mxdona 2023<\/a><\/div>\r\n<!-- \/wp:button -->\r\n\r\n<!-- wp:button {\"textColor\":\"white\",\"width\":50,\"className\":\"is-style-outline\"} -->\r\n<div class=\"wp-block-button has-custom-width wp-block-button__width-50 is-style-outline\"><a class=\"wp-block-button__link has-white-color has-text-color wp-element-button\" href=\"https:\/\/hipgive.org\/en\/campaign\/orgulloypride2023?tab=projects\">PROJECTS #ORGULLOYPRIDE<\/a><\/div>\r\n<!-- \/wp:button -->\r\n\r\n<!-- wp:button {\"textColor\":\"white\",\"width\":50,\"className\":\"is-style-outline\"} -->\r\n<div class=\"wp-block-button has-custom-width wp-block-button__width-50 is-style-outline\"><a class=\"wp-block-button__link has-white-color has-text-color wp-element-button\" href=\"https:\/\/hipgive.org\/en\/projects?category=projects\">Support nonprofits on HIPGive<\/a><\/div>\r\n<!-- \/wp:button -->\r\n\r\n<!-- wp:button {\"textColor\":\"white\",\"width\":50,\"className\":\"is-style-outline\"} -->\r\n<div class=\"wp-block-button has-custom-width wp-block-button__width-50 is-style-outline\"><a class=\"wp-block-button__link has-white-color has-text-color wp-element-button\" href=\"https:\/\/learning.hipgive.org\/\">LEarning Center articles<\/a><\/div>\r\n<!-- \/wp:button --><\/div>\r\n<!-- \/wp:buttons -->\r\n\r\n<!-- wp:social-links {\"iconColor\":\"white\",\"iconColorValue\":\"#ffffff\",\"align\":\"center\",\"className\":\"tw-mt-5 is-style-logos-only tw-hover-opacity\"} -->\r\n<ul class=\"wp-block-social-links aligncenter has-icon-color tw-mt-5 is-style-logos-only tw-hover-opacity\"><!-- wp:social-link {\"url\":\"https:\/\/www.facebook.com\/hipgive \",\"service\":\"facebook\"} \/-->\r\n\r\n<!-- wp:social-link {\"url\":\"https:\/\/www.instagram.com\/hipgive\/ \",\"service\":\"instagram\"} \/-->\r\n\r\n<!-- wp:social-link {\"url\":\"https:\/\/twitter.com\/HIPGive \",\"service\":\"twitter\"} \/-->\r\n\r\n<!-- wp:social-link {\"url\":\"https:\/\/www.linkedin.com\/company\/hipgive\/ \",\"service\":\"linkedin\"} \/--><\/ul>\r\n<!-- \/wp:social-links --><\/div>\r\n<\/div>\r\n<!-- \/wp:cover -->","_en_post_name":"links","_en_post_excerpt":"","_en_post_title":"Links","edit_language":"en","_coblocks_attr":"","_coblocks_dimensions":"","_coblocks_responsive_height":"","_coblocks_accordion_ie_support":"","footnotes":""},"class_list":["post-1137","page","type-page","status-publish","hentry"],"aioseo_notices":[],"_links":{"self":[{"href":"http:\/\/learning.hipgive.org\/en\/wp-json\/wp\/v2\/pages\/1137"}],"collection":[{"href":"http:\/\/learning.hipgive.org\/en\/wp-json\/wp\/v2\/pages"}],"about":[{"href":"http:\/\/learning.hipgive.org\/en\/wp-json\/wp\/v2\/types\/page"}],"author":[{"embeddable":true,"href":"http:\/\/learning.hipgive.org\/en\/wp-json\/wp\/v2\/users\/1"}],"replies":[{"embeddable":true,"href":"http:\/\/learning.hipgive.org\/en\/wp-json\/wp\/v2\/comments?post=1137"}],"version-history":[{"count":50,"href":"http:\/\/learning.hipgive.org\/en\/wp-json\/wp\/v2\/pages\/1137\/revisions"}],"predecessor-version":[{"id":1596,"href":"http:\/\/learning.hipgive.org\/en\/wp-json\/wp\/v2\/pages\/1137\/revisions\/1596"}],"wp:attachment":[{"href":"http:\/\/learning.hipgive.org\/en\/wp-json\/wp\/v2\/media?parent=1137"}],"curies":[{"name":"wp","href":"https:\/\/api.w.org\/{rel}","templated":true}]}}