{"id":1076,"date":"2022-06-03T12:17:28","date_gmt":"2022-06-03T18:17:28","guid":{"rendered":"https:\/\/learning.hipgive.org\/?page_id=1076"},"modified":"2022-06-03T12:22:10","modified_gmt":"2022-06-03T18:22:10","slug":"","status":"publish","type":"page","link":"http:\/\/learning.hipgive.org\/en\/formulariosuscripcion\/","title":{"rendered":"Keep in touch","raw":"Keep in touch"},"content":{"rendered":"\n<div class=\"wp-block-cover alignwide has-accent-background-color has-background-dim\" style=\"min-height:226px;aspect-ratio:unset;\"><div class=\"wp-block-cover__inner-container is-layout-flow wp-block-cover-is-layout-flow\">\n<h1 class=\"has-text-align-center wp-block-heading\">Subscribe for more information<\/h1>\n<\/div><\/div>\n\n\n\n<p><meta charset=\"utf-8\">Subscribe to our newsletter and receive information.<\/p>\n\n\n\n<div class=\"wpcf7 no-js\" id=\"wpcf7-f1070-o2\" lang=\"es-ES\" dir=\"ltr\">\n<div class=\"screen-reader-response\"><p role=\"status\" aria-live=\"polite\" aria-atomic=\"true\"><\/p> <ul><\/ul><\/div>\n<form action=\"\/en\/wp-json\/wp\/v2\/pages\/1076#wpcf7-f1070-o2\" method=\"post\" class=\"wpcf7-form init\" aria-label=\"Formulario de contacto\" novalidate=\"novalidate\" data-status=\"init\">\n<div style=\"display: none;\">\n<input type=\"hidden\" name=\"_wpcf7\" value=\"1070\" \/>\n<input type=\"hidden\" name=\"_wpcf7_version\" value=\"5.9.8\" \/>\n<input type=\"hidden\" name=\"_wpcf7_locale\" value=\"es_ES\" \/>\n<input type=\"hidden\" name=\"_wpcf7_unit_tag\" value=\"wpcf7-f1070-o2\" \/>\n<input type=\"hidden\" name=\"_wpcf7_container_post\" value=\"0\" \/>\n<input type=\"hidden\" name=\"_wpcf7_posted_data_hash\" value=\"\" \/>\n<\/div>\n<p><label> First Name<br \/>\n<span class=\"wpcf7-form-control-wrap\" data-name=\"your-name\"><input size=\"40\" maxlength=\"400\" class=\"wpcf7-form-control wpcf7-text wpcf7-validates-as-required\" aria-required=\"true\" aria-invalid=\"false\" value=\"\" type=\"text\" name=\"your-name\" \/><\/span> <\/label><br \/>\n<label> Last Name<br \/>\n<span class=\"wpcf7-form-control-wrap\" data-name=\"second-name\"><input size=\"40\" maxlength=\"400\" class=\"wpcf7-form-control wpcf7-text wpcf7-validates-as-required\" aria-required=\"true\" aria-invalid=\"false\" value=\"\" type=\"text\" name=\"second-name\" \/><\/span> <\/label><br \/>\n<label> Organization<br \/>\n<span class=\"wpcf7-form-control-wrap\" data-name=\"org-name\"><input size=\"40\" maxlength=\"400\" class=\"wpcf7-form-control wpcf7-text wpcf7-validates-as-required\" aria-required=\"true\" aria-invalid=\"false\" value=\"\" type=\"text\" name=\"org-name\" \/><\/span> <\/label><br \/>\n<label> Job Title<br \/>\n<span class=\"wpcf7-form-control-wrap\" data-name=\"job-name\"><input size=\"40\" maxlength=\"400\" class=\"wpcf7-form-control wpcf7-text wpcf7-validates-as-required\" aria-required=\"true\" aria-invalid=\"false\" value=\"\" type=\"text\" name=\"job-name\" \/><\/span> <\/label><br \/>\n<label> Email Address<br \/>\n<span class=\"wpcf7-form-control-wrap\" data-name=\"your-email\"><input size=\"40\" maxlength=\"400\" class=\"wpcf7-form-control wpcf7-email wpcf7-validates-as-required wpcf7-text wpcf7-validates-as-email\" aria-required=\"true\" aria-invalid=\"false\" value=\"\" type=\"email\" name=\"your-email\" \/><\/span> <\/label><br \/>\n<label> WhatsApp number<br \/>\n<span class=\"wpcf7-form-control-wrap\" data-name=\"whapp-num\"><input size=\"40\" maxlength=\"400\" class=\"wpcf7-form-control wpcf7-text wpcf7-validates-as-required\" aria-required=\"true\" aria-invalid=\"false\" value=\"\" type=\"text\" name=\"whapp-num\" \/><\/span> <\/label><br \/>\n<label> Country<br \/>\n<span class=\"wpcf7-form-control-wrap\" data-name=\"country-name\"><input size=\"40\" maxlength=\"400\" class=\"wpcf7-form-control wpcf7-text wpcf7-validates-as-required\" aria-required=\"true\" aria-invalid=\"false\" value=\"\" type=\"text\" name=\"country-name\" \/><\/span> <\/label><br \/>\n<label> Language<br \/>\n<span class=\"wpcf7-form-control-wrap\" data-name=\"your-language\"><select class=\"wpcf7-form-control wpcf7-select wpcf7-validates-as-required\" aria-required=\"true\" aria-invalid=\"false\" name=\"your-language\"><option value=\"Spanish\">Spanish<\/option><option value=\"English\">English<\/option><\/select><\/span><br \/>\n<label> Receive information about:<br \/>\n<span class=\"wpcf7-form-control-wrap\" data-name=\"radio-322\"><span class=\"wpcf7-form-control wpcf7-radio\"><span class=\"wpcf7-list-item first\"><label><input type=\"radio\" name=\"radio-322\" value=\"HIPGive\" \/><span class=\"wpcf7-list-item-label\">HIPGive<\/span><\/label><\/span><span class=\"wpcf7-list-item\"><label><input type=\"radio\" name=\"radio-322\" value=\"La Mesa\" \/><span class=\"wpcf7-list-item-label\">La Mesa<\/span><\/label><\/span><span class=\"wpcf7-list-item last\"><label><input type=\"radio\" name=\"radio-322\" value=\"Both\" \/><span class=\"wpcf7-list-item-label\">Both<\/span><\/label><\/span><\/span><\/span><br \/>\n<\/label><br \/>\n<input class=\"wpcf7-form-control wpcf7-submit has-spinner\" type=\"submit\" value=\"Send\" \/><\/label>\n<\/p><div class=\"wpcf7-response-output\" aria-hidden=\"true\"><\/div>\n<\/form>\n<\/div>\n\n","protected":false,"raw":"<!-- wp:cover {\"overlayColor\":\"accent\",\"minHeight\":226,\"minHeightUnit\":\"px\",\"align\":\"wide\"} -->\n<div class=\"wp-block-cover alignwide has-accent-background-color has-background-dim\" style=\"min-height:226px\"><div class=\"wp-block-cover__inner-container\"><!-- wp:heading {\"textAlign\":\"center\",\"level\":1} -->\n<h1 class=\"has-text-align-center\">Subscribe for more information<\/h1>\n<!-- \/wp:heading --><\/div><\/div>\n<!-- \/wp:cover -->\n\n<!-- wp:paragraph -->\n<p><meta charset=\"utf-8\">Subscribe to our newsletter and receive information.<\/p>\n<!-- \/wp:paragraph -->\n\n<!-- wp:shortcode -->\n[contact-form-7 id=\"1070\" title=\"hipgive_lamesa_org_en\"]\n<!-- \/wp:shortcode -->"},"excerpt":{"rendered":"","protected":false,"raw":""},"author":1,"featured_media":0,"parent":0,"menu_order":0,"comment_status":"closed","ping_status":"closed","template":"tw-no-title.php","meta":{"_monsterinsights_skip_tracking":false,"_monsterinsights_sitenote_active":false,"_monsterinsights_sitenote_note":"","_monsterinsights_sitenote_category":0,"_es_post_content":"<!-- wp:cover {\"overlayColor\":\"accent\",\"minHeight\":226,\"minHeightUnit\":\"px\",\"contentPosition\":\"center center\",\"align\":\"center\"} -->\n<div class=\"wp-block-cover aligncenter has-accent-background-color has-background-dim\" style=\"min-height:226px\"><div class=\"wp-block-cover__inner-container\"><!-- wp:heading {\"textAlign\":\"center\",\"level\":1} -->\n<h1 class=\"has-text-align-center\">Suscr\u00edbete para m\u00e1s informaci\u00f3n<\/h1>\n<!-- \/wp:heading --><\/div><\/div>\n<!-- \/wp:cover -->\n\n<!-- wp:paragraph -->\n<p>Suscr\u00edbete a nuestro newsletter para recibir informaci\u00f3n.<\/p>\n<!-- \/wp:paragraph -->\n\n<!-- wp:shortcode -->\n[contact-form-7 id=\"1070\" title=\"hipgive_lamesa_org_en\"]\n<!-- \/wp:shortcode -->\n\n<!-- wp:tadv\/classic-paragraph \/-->","_es_post_name":"formulariosuscripcion","_es_post_excerpt":"","_es_post_title":"Form Conference","_en_post_content":"<!-- wp:cover {\"overlayColor\":\"accent\",\"minHeight\":226,\"minHeightUnit\":\"px\",\"align\":\"wide\"} -->\n<div class=\"wp-block-cover alignwide has-accent-background-color has-background-dim\" style=\"min-height:226px\"><div class=\"wp-block-cover__inner-container\"><!-- wp:heading {\"textAlign\":\"center\",\"level\":1} -->\n<h1 class=\"has-text-align-center\">Subscribe for more information<\/h1>\n<!-- \/wp:heading --><\/div><\/div>\n<!-- \/wp:cover -->\n\n<!-- wp:paragraph -->\n<p><meta charset=\"utf-8\">Subscribe to our newsletter and receive information.<\/p>\n<!-- \/wp:paragraph -->\n\n<!-- wp:shortcode -->\n[contact-form-7 id=\"1070\" title=\"hipgive_lamesa_org_en\"]\n<!-- \/wp:shortcode -->","_en_post_name":"","_en_post_excerpt":"","_en_post_title":"Keep in touch","edit_language":"en","_coblocks_attr":"","_coblocks_dimensions":"","_coblocks_responsive_height":"","_coblocks_accordion_ie_support":"","footnotes":""},"class_list":["post-1076","page","type-page","status-publish","hentry"],"aioseo_notices":[],"_links":{"self":[{"href":"http:\/\/learning.hipgive.org\/en\/wp-json\/wp\/v2\/pages\/1076"}],"collection":[{"href":"http:\/\/learning.hipgive.org\/en\/wp-json\/wp\/v2\/pages"}],"about":[{"href":"http:\/\/learning.hipgive.org\/en\/wp-json\/wp\/v2\/types\/page"}],"author":[{"embeddable":true,"href":"http:\/\/learning.hipgive.org\/en\/wp-json\/wp\/v2\/users\/1"}],"replies":[{"embeddable":true,"href":"http:\/\/learning.hipgive.org\/en\/wp-json\/wp\/v2\/comments?post=1076"}],"version-history":[{"count":3,"href":"http:\/\/learning.hipgive.org\/en\/wp-json\/wp\/v2\/pages\/1076\/revisions"}],"predecessor-version":[{"id":1080,"href":"http:\/\/learning.hipgive.org\/en\/wp-json\/wp\/v2\/pages\/1076\/revisions\/1080"}],"wp:attachment":[{"href":"http:\/\/learning.hipgive.org\/en\/wp-json\/wp\/v2\/media?parent=1076"}],"curies":[{"name":"wp","href":"https:\/\/api.w.org\/{rel}","templated":true}]}}